{"id":3781,"date":"2022-11-07T16:38:06","date_gmt":"2022-11-07T16:38:06","guid":{"rendered":"http:\/\/training.sigueenmovimiento.com\/app\/?page_id=3781"},"modified":"2022-11-07T16:48:49","modified_gmt":"2022-11-07T16:48:49","slug":"training","status":"publish","type":"page","link":"https:\/\/training.sigueenmovimiento.com\/app\/training\/","title":{"rendered":"Para entrenadores"},"content":{"rendered":"<div class=\"wp-block-image\">\n<figure class=\"alignleft size-full is-resized\"><a href=\"https:\/\/training.sigueenmovimiento.com\/app\/wp-content\/uploads\/2022\/11\/TabletPhone.png\"><img loading=\"lazy\" decoding=\"async\" src=\"https:\/\/training.sigueenmovimiento.com\/app\/wp-content\/uploads\/2022\/11\/TabletPhone.png\" alt=\"\" class=\"wp-image-3702\" width=\"445\" height=\"499\" srcset=\"https:\/\/training.sigueenmovimiento.com\/app\/wp-content\/uploads\/2022\/11\/TabletPhone.png 600w, https:\/\/training.sigueenmovimiento.com\/app\/wp-content\/uploads\/2022\/11\/TabletPhone-267x300.png 267w\" sizes=\"auto, (max-width: 445px) 100vw, 445px\" \/><\/a><\/figure><\/div>\n\n\n<p style=\"font-size:15px\">M\u00e1s de <strong>700 videos de ejercicios <\/strong>(hasta la fecha) en alta definici\u00f3n a disposici\u00f3n de entrenadores y deportistas que buscan innovar y mantener a la orden de sus atletas una cantidad infinita de recursos para su beneficio.<\/p>\n\n\n\n<p style=\"font-size:15px\"><strong>Training<\/strong> garantiza el aprendizaje de nuevas ejecuciones de ejercicios, patrones de movimiento, metodolog\u00edas, terminolog\u00edas y recursos que podr\u00e1n ser incluidos en el dise\u00f1o de programas de preparaci\u00f3n f\u00edsica y sesiones de entrenamiento para, educar, reeducar y optimizar el rendimiento a trav\u00e9s del mejoramiento del desempe\u00f1o funcional del atleta.<br><br>Un entrenador puede utilizar <strong>Training<\/strong> para acceder desde cualquier dispositivo buscar o navegar a trav\u00e9s de una librer\u00eda cargada de cientos de videos de ejercicios en alta definici\u00f3n, aprender nuevas terminolog\u00edas, movimientos, y patrones de movimiento, elegir el equipamiento m\u00e1s conveniente seg\u00fan sus posibilidades, e instalaciones, aprender, analizar y estudiar ejecuciones de ejercicios concretos en un m\u00ednimo de tiempo para conscientemente y de manera responsable compartirlos con sus atletas quienes gracias a la demostraci\u00f3n efectiva podr\u00e1n ser educados o reeducados a nivel de movimiento.<br><br>La educaci\u00f3n o reeducaci\u00f3n constante permite al atleta hacerse consciente de sus ejecuciones, mantener sus fortalezas y trabajar en sus limitaciones para junto a su entrenador desarrollar un entrenamiento m\u00e1s eficiente y efectivo.<\/p>\n\n\n\n<h2 class=\"wp-block-heading\">Con training es posible<\/h2>\n\n\n\n<p style=\"font-size:15px\"><strong>Navegar y seleccionar<\/strong> ejercicios de una librer\u00eda de <strong>m\u00e1s de 700 movimientos<\/strong> hasta la fecha.<br><strong>Aprender<\/strong> terminolog\u00edas espec\u00edficas y nuevos ejercicios.<br><strong>Descargar videos<\/strong> comprimidos de menos de 4 Mb de ejecuciones de ejercicios en <strong>alta calidad<\/strong>.<br><strong>Compartir v\u00eddeos<\/strong> con cualquier persona a trav\u00e9s de <strong>WhatsApp<\/strong> o correo electr\u00f3nico.<\/p>\n","protected":false},"excerpt":{"rendered":"<p>M\u00e1s de 700 videos de ejercicios (hasta la fecha) en alta definici\u00f3n a disposici\u00f3n de entrenadores y deportistas que buscan innovar y mantener a la orden de sus atletas una &#8230;<\/p>\n","protected":false},"author":1,"featured_media":0,"parent":0,"menu_order":0,"comment_status":"closed","ping_status":"closed","template":"template-fullwidth.php","meta":{"_joinchat":[],"footnotes":""},"class_list":["post-3781","page","type-page","status-publish","hentry"],"yoast_head":"<!-- This site is optimized with the Yoast SEO plugin v25.7 - https:\/\/yoast.com\/wordpress\/plugins\/seo\/ -->\n<title>Para entrenadores | Training<\/title>\n<meta name=\"robots\" content=\"index, follow, max-snippet:-1, max-image-preview:large, max-video-preview:-1\" \/>\n<link rel=\"canonical\" href=\"https:\/\/training.sigueenmovimiento.com\/app\/training\/\" \/>\n<meta property=\"og:locale\" content=\"es_ES\" \/>\n<meta property=\"og:type\" content=\"article\" \/>\n<meta property=\"og:title\" content=\"Para entrenadores | Training\" \/>\n<meta property=\"og:description\" content=\"M\u00e1s de 700 videos de ejercicios (hasta la fecha) en alta definici\u00f3n a disposici\u00f3n de entrenadores y deportistas que buscan innovar y mantener a la orden de sus atletas una ...\" \/>\n<meta property=\"og:url\" content=\"https:\/\/training.sigueenmovimiento.com\/app\/training\/\" \/>\n<meta property=\"og:site_name\" content=\"Training\" \/>\n<meta property=\"article:publisher\" content=\"http:\/\/www.facebook.com\/sigueenmovimiento\" \/>\n<meta property=\"article:modified_time\" content=\"2022-11-07T16:48:49+00:00\" \/>\n<meta property=\"og:image\" content=\"http:\/\/training.sigueenmovimiento.com\/app\/wp-content\/uploads\/2022\/11\/TabletPhone.png\" \/>\n<meta name=\"twitter:card\" content=\"summary_large_image\" \/>\n<meta name=\"twitter:site\" content=\"@siguemovimiento\" \/>\n<meta name=\"twitter:label1\" content=\"Tiempo de lectura\" \/>\n\t<meta name=\"twitter:data1\" content=\"1 minuto\" \/>\n<script type=\"application\/ld+json\" class=\"yoast-schema-graph\">{\"@context\":\"https:\/\/schema.org\",\"@graph\":[{\"@type\":\"WebPage\",\"@id\":\"https:\/\/training.sigueenmovimiento.com\/app\/training\/\",\"url\":\"https:\/\/training.sigueenmovimiento.com\/app\/training\/\",\"name\":\"Para entrenadores | Training\",\"isPartOf\":{\"@id\":\"https:\/\/training.sigueenmovimiento.com\/app\/#website\"},\"primaryImageOfPage\":{\"@id\":\"https:\/\/training.sigueenmovimiento.com\/app\/training\/#primaryimage\"},\"image\":{\"@id\":\"https:\/\/training.sigueenmovimiento.com\/app\/training\/#primaryimage\"},\"thumbnailUrl\":\"http:\/\/training.sigueenmovimiento.com\/app\/wp-content\/uploads\/2022\/11\/TabletPhone.png\",\"datePublished\":\"2022-11-07T16:38:06+00:00\",\"dateModified\":\"2022-11-07T16:48:49+00:00\",\"breadcrumb\":{\"@id\":\"https:\/\/training.sigueenmovimiento.com\/app\/training\/#breadcrumb\"},\"inLanguage\":\"es\",\"potentialAction\":[{\"@type\":\"ReadAction\",\"target\":[\"https:\/\/training.sigueenmovimiento.com\/app\/training\/\"]}]},{\"@type\":\"ImageObject\",\"inLanguage\":\"es\",\"@id\":\"https:\/\/training.sigueenmovimiento.com\/app\/training\/#primaryimage\",\"url\":\"https:\/\/training.sigueenmovimiento.com\/app\/wp-content\/uploads\/2022\/11\/TabletPhone.png\",\"contentUrl\":\"https:\/\/training.sigueenmovimiento.com\/app\/wp-content\/uploads\/2022\/11\/TabletPhone.png\",\"width\":600,\"height\":673,\"caption\":\"Selecciona, navega y comparte\"},{\"@type\":\"BreadcrumbList\",\"@id\":\"https:\/\/training.sigueenmovimiento.com\/app\/training\/#breadcrumb\",\"itemListElement\":[{\"@type\":\"ListItem\",\"position\":1,\"name\":\"Portada\",\"item\":\"https:\/\/training.sigueenmovimiento.com\/app\/\"},{\"@type\":\"ListItem\",\"position\":2,\"name\":\"Para entrenadores\"}]},{\"@type\":\"WebSite\",\"@id\":\"https:\/\/training.sigueenmovimiento.com\/app\/#website\",\"url\":\"https:\/\/training.sigueenmovimiento.com\/app\/\",\"name\":\"Sigue en Movimiento\",\"description\":\"Gu&iacute;a del entrenamiento personal\",\"publisher\":{\"@id\":\"https:\/\/training.sigueenmovimiento.com\/app\/#organization\"},\"potentialAction\":[{\"@type\":\"SearchAction\",\"target\":{\"@type\":\"EntryPoint\",\"urlTemplate\":\"https:\/\/training.sigueenmovimiento.com\/app\/?s={search_term_string}\"},\"query-input\":{\"@type\":\"PropertyValueSpecification\",\"valueRequired\":true,\"valueName\":\"search_term_string\"}}],\"inLanguage\":\"es\"},{\"@type\":\"Organization\",\"@id\":\"https:\/\/training.sigueenmovimiento.com\/app\/#organization\",\"name\":\"Plataforma Sigue en Movimiento\",\"url\":\"https:\/\/training.sigueenmovimiento.com\/app\/\",\"logo\":{\"@type\":\"ImageObject\",\"inLanguage\":\"es\",\"@id\":\"https:\/\/training.sigueenmovimiento.com\/app\/#\/schema\/logo\/image\/\",\"url\":\"http:\/\/training.sigueenmovimiento.com\/app\/wp-content\/uploads\/2018\/12\/LOGO.jpg\",\"contentUrl\":\"http:\/\/training.sigueenmovimiento.com\/app\/wp-content\/uploads\/2018\/12\/LOGO.jpg\",\"width\":736,\"height\":714,\"caption\":\"Plataforma Sigue en Movimiento\"},\"image\":{\"@id\":\"https:\/\/training.sigueenmovimiento.com\/app\/#\/schema\/logo\/image\/\"},\"sameAs\":[\"http:\/\/www.facebook.com\/sigueenmovimiento\",\"https:\/\/x.com\/siguemovimiento\"]}]}<\/script>\n<!-- \/ Yoast SEO plugin. -->","yoast_head_json":{"title":"Para entrenadores | Training","robots":{"index":"index","follow":"follow","max-snippet":"max-snippet:-1","max-image-preview":"max-image-preview:large","max-video-preview":"max-video-preview:-1"},"canonical":"https:\/\/training.sigueenmovimiento.com\/app\/training\/","og_locale":"es_ES","og_type":"article","og_title":"Para entrenadores | Training","og_description":"M\u00e1s de 700 videos de ejercicios (hasta la fecha) en alta definici\u00f3n a disposici\u00f3n de entrenadores y deportistas que buscan innovar y mantener a la orden de sus atletas una ...","og_url":"https:\/\/training.sigueenmovimiento.com\/app\/training\/","og_site_name":"Training","article_publisher":"http:\/\/www.facebook.com\/sigueenmovimiento","article_modified_time":"2022-11-07T16:48:49+00:00","og_image":[{"url":"http:\/\/training.sigueenmovimiento.com\/app\/wp-content\/uploads\/2022\/11\/TabletPhone.png","type":"","width":"","height":""}],"twitter_card":"summary_large_image","twitter_site":"@siguemovimiento","twitter_misc":{"Tiempo de lectura":"1 minuto"},"schema":{"@context":"https:\/\/schema.org","@graph":[{"@type":"WebPage","@id":"https:\/\/training.sigueenmovimiento.com\/app\/training\/","url":"https:\/\/training.sigueenmovimiento.com\/app\/training\/","name":"Para entrenadores | Training","isPartOf":{"@id":"https:\/\/training.sigueenmovimiento.com\/app\/#website"},"primaryImageOfPage":{"@id":"https:\/\/training.sigueenmovimiento.com\/app\/training\/#primaryimage"},"image":{"@id":"https:\/\/training.sigueenmovimiento.com\/app\/training\/#primaryimage"},"thumbnailUrl":"http:\/\/training.sigueenmovimiento.com\/app\/wp-content\/uploads\/2022\/11\/TabletPhone.png","datePublished":"2022-11-07T16:38:06+00:00","dateModified":"2022-11-07T16:48:49+00:00","breadcrumb":{"@id":"https:\/\/training.sigueenmovimiento.com\/app\/training\/#breadcrumb"},"inLanguage":"es","potentialAction":[{"@type":"ReadAction","target":["https:\/\/training.sigueenmovimiento.com\/app\/training\/"]}]},{"@type":"ImageObject","inLanguage":"es","@id":"https:\/\/training.sigueenmovimiento.com\/app\/training\/#primaryimage","url":"https:\/\/training.sigueenmovimiento.com\/app\/wp-content\/uploads\/2022\/11\/TabletPhone.png","contentUrl":"https:\/\/training.sigueenmovimiento.com\/app\/wp-content\/uploads\/2022\/11\/TabletPhone.png","width":600,"height":673,"caption":"Selecciona, navega y comparte"},{"@type":"BreadcrumbList","@id":"https:\/\/training.sigueenmovimiento.com\/app\/training\/#breadcrumb","itemListElement":[{"@type":"ListItem","position":1,"name":"Portada","item":"https:\/\/training.sigueenmovimiento.com\/app\/"},{"@type":"ListItem","position":2,"name":"Para entrenadores"}]},{"@type":"WebSite","@id":"https:\/\/training.sigueenmovimiento.com\/app\/#website","url":"https:\/\/training.sigueenmovimiento.com\/app\/","name":"Sigue en Movimiento","description":"Gu&iacute;a del entrenamiento personal","publisher":{"@id":"https:\/\/training.sigueenmovimiento.com\/app\/#organization"},"potentialAction":[{"@type":"SearchAction","target":{"@type":"EntryPoint","urlTemplate":"https:\/\/training.sigueenmovimiento.com\/app\/?s={search_term_string}"},"query-input":{"@type":"PropertyValueSpecification","valueRequired":true,"valueName":"search_term_string"}}],"inLanguage":"es"},{"@type":"Organization","@id":"https:\/\/training.sigueenmovimiento.com\/app\/#organization","name":"Plataforma Sigue en Movimiento","url":"https:\/\/training.sigueenmovimiento.com\/app\/","logo":{"@type":"ImageObject","inLanguage":"es","@id":"https:\/\/training.sigueenmovimiento.com\/app\/#\/schema\/logo\/image\/","url":"http:\/\/training.sigueenmovimiento.com\/app\/wp-content\/uploads\/2018\/12\/LOGO.jpg","contentUrl":"http:\/\/training.sigueenmovimiento.com\/app\/wp-content\/uploads\/2018\/12\/LOGO.jpg","width":736,"height":714,"caption":"Plataforma Sigue en Movimiento"},"image":{"@id":"https:\/\/training.sigueenmovimiento.com\/app\/#\/schema\/logo\/image\/"},"sameAs":["http:\/\/www.facebook.com\/sigueenmovimiento","https:\/\/x.com\/siguemovimiento"]}]}},"_links":{"self":[{"href":"https:\/\/training.sigueenmovimiento.com\/app\/wp-json\/wp\/v2\/pages\/3781","targetHints":{"allow":["GET"]}}],"collection":[{"href":"https:\/\/training.sigueenmovimiento.com\/app\/wp-json\/wp\/v2\/pages"}],"about":[{"href":"https:\/\/training.sigueenmovimiento.com\/app\/wp-json\/wp\/v2\/types\/page"}],"author":[{"embeddable":true,"href":"https:\/\/training.sigueenmovimiento.com\/app\/wp-json\/wp\/v2\/users\/1"}],"replies":[{"embeddable":true,"href":"https:\/\/training.sigueenmovimiento.com\/app\/wp-json\/wp\/v2\/comments?post=3781"}],"version-history":[{"count":7,"href":"https:\/\/training.sigueenmovimiento.com\/app\/wp-json\/wp\/v2\/pages\/3781\/revisions"}],"predecessor-version":[{"id":3795,"href":"https:\/\/training.sigueenmovimiento.com\/app\/wp-json\/wp\/v2\/pages\/3781\/revisions\/3795"}],"wp:attachment":[{"href":"https:\/\/training.sigueenmovimiento.com\/app\/wp-json\/wp\/v2\/media?parent=3781"}],"curies":[{"name":"wp","href":"https:\/\/api.w.org\/{rel}","templated":true}]}}