{"id":3724,"date":"2022-11-02T04:20:48","date_gmt":"2022-11-02T04:20:48","guid":{"rendered":"http:\/\/training.sigueenmovimiento.com\/app\/?page_id=3724"},"modified":"2022-11-07T23:34:34","modified_gmt":"2022-11-07T23:34:34","slug":"mercantilbanco","status":"publish","type":"page","link":"https:\/\/training.sigueenmovimiento.com\/app\/mercantilbanco\/","title":{"rendered":"Transferencias y pago m\u00f3vil en Venezuela"},"content":{"rendered":"<div class=\"wp-block-image\">\n<figure class=\"aligncenter size-large\"><img decoding=\"async\" src=\"http:\/\/www.sigueenmovimiento.com\/home\/wp-content\/uploads\/2018\/12\/mercantil-300x82.jpg\" alt=\"\"\/><\/figure><\/div>\n\n\n<h3 class=\"has-text-align-center wp-block-heading\">* <strong>Aceptamos transferencias en Bol\u00edvares desde cualquier entidad bancaria<\/strong> *<\/h3>\n\n\n\n<h3 class=\"has-text-align-center wp-block-heading\"><strong>*Tasa oficial del Banco Central de Venezuela *<\/strong><\/h3>\n\n\n\n<hr class=\"wp-block-separator has-alpha-channel-opacity\"\/>\n\n\n\n<div class=\"wp-block-columns is-layout-flex wp-container-core-columns-is-layout-9d6595d7 wp-block-columns-is-layout-flex\">\n<div class=\"wp-block-column is-layout-flow wp-block-column-is-layout-flow\">\n<h3 class=\"has-text-align-center has-black-color has-text-color has-background has-medium-font-size wp-block-heading\" style=\"background-color:#fafafa\">* Cuenta Corriente *<\/h3>\n\n\n\n<p class=\"has-text-align-center has-black-color has-text-color has-background has-medium-font-size\" style=\"background-color:#fafafa\">0105-0672-7216-7213-3947 <\/p>\n\n\n\n<p class=\"has-text-align-center has-black-color has-text-color has-background has-medium-font-size\" style=\"background-color:#fafafa\"><strong>Instituto Suramericano de Educaci\u00f3n Moderna o ISEM C.A.<\/strong><\/p>\n\n\n\n<p class=\"has-text-align-center has-black-color has-text-color has-background has-medium-font-size\" style=\"background-color:#fafafa\">RIF:&nbsp;<strong>J-410329726<\/strong>&nbsp;<\/p>\n<\/div>\n\n\n\n<div class=\"wp-block-column is-layout-flow wp-block-column-is-layout-flow\">\n<h3 class=\"has-text-align-center has-black-color has-text-color has-background wp-block-heading\" style=\"background-color:#fafafa\">* <strong>Pago M\u00f3vil \/ TPago M\u00e9rcantil<\/strong> *<\/h3>\n\n\n\n<p class=\"has-text-align-center has-black-color has-text-color has-background has-medium-font-size\" style=\"background-color:#fafafa\">Tel\u00e9fono: <strong>0412 514 56 77<\/strong><\/p>\n\n\n\n<p class=\"has-text-align-center has-black-color has-text-color has-background has-medium-font-size\" style=\"background-color:#fafafa\">RIF:&nbsp;<strong>J-410329726<\/strong>&nbsp;<\/p>\n<\/div>\n<\/div>\n\n\n\n<hr class=\"wp-block-separator has-alpha-channel-opacity is-style-default\"\/>\n\n\n\n<p><\/p>\n\n\n\n<h2 class=\"has-text-align-center wp-block-heading\">* Registre sus datos a continuaci\u00f3n *<\/h2>\n\n\n\n<p class=\"has-text-align-center\">Debe haber realizado su pago seg\u00fan los datos bancarios en la parte superior de esta p\u00e1gina<\/p>\n\n\n<div class=\"wpforms-container wpforms-container-full\" id=\"wpforms-3807\"><form id=\"wpforms-form-3807\" class=\"wpforms-validate wpforms-form wpforms-ajax-form\" data-formid=\"3807\" method=\"post\" enctype=\"multipart\/form-data\" action=\"\/app\/wp-json\/wp\/v2\/pages\/3724\" data-token=\"42edcd3bf6b1518834f85f44d19d190c\" data-token-time=\"1778891513\"><noscript class=\"wpforms-error-noscript\">Por favor, activa JavaScript en tu navegador para completar este formulario.<\/noscript><div class=\"wpforms-field-container\"><div id=\"wpforms-3807-field_1-container\" class=\"wpforms-field wpforms-field-text\" data-field-id=\"1\"><label class=\"wpforms-field-label\" for=\"wpforms-3807-field_1\">Nombre de usuario <span class=\"wpforms-required-label\">*<\/span><\/label><input type=\"text\" id=\"wpforms-3807-field_1\" class=\"wpforms-field-medium wpforms-field-required\" name=\"wpforms[fields][1]\" required><\/div><div id=\"wpforms-3807-field_2-container\" class=\"wpforms-field wpforms-field-text\" data-field-id=\"2\"><label class=\"wpforms-field-label\" for=\"wpforms-3807-field_2\">Nombres<\/label><input type=\"text\" id=\"wpforms-3807-field_2\" class=\"wpforms-field-medium\" name=\"wpforms[fields][2]\" ><\/div><div id=\"wpforms-3807-field_3-container\" class=\"wpforms-field wpforms-field-text\" data-field-id=\"3\"><label class=\"wpforms-field-label\" for=\"wpforms-3807-field_3\">Apellidos<\/label><input type=\"text\" id=\"wpforms-3807-field_3\" class=\"wpforms-field-medium\" name=\"wpforms[fields][3]\" ><\/div><div id=\"wpforms-3807-field_4-container\" class=\"wpforms-field wpforms-field-email\" data-field-id=\"4\"><label class=\"wpforms-field-label\">Direcci\u00f3n de correo electr\u00f3nico <span class=\"wpforms-required-label\">*<\/span><\/label><div class=\"wpforms-field-row wpforms-field-medium\"><div class=\"wpforms-field-row-block wpforms-one-half wpforms-first\"><input type=\"email\" id=\"wpforms-3807-field_4\" class=\"wpforms-field-required wpforms-field-email-primary\" name=\"wpforms[fields][4][primary]\" spellcheck=\"false\" required><label for=\"wpforms-3807-field_4\" class=\"wpforms-field-sublabel after\">Correo electr\u00f3nico<\/label><\/div><div class=\"wpforms-field-row-block wpforms-one-half\"><input type=\"email\" id=\"wpforms-3807-field_4-secondary\" class=\"wpforms-field-email-secondary wpforms-field-required\" data-rule-confirm=\"#wpforms-3807-field_4\" name=\"wpforms[fields][4][secondary]\" spellcheck=\"false\" required><label for=\"wpforms-3807-field_4-secondary\" class=\"wpforms-field-sublabel after\">Confirmar el correo electr\u00f3nico<\/label><\/div><\/div><\/div><div id=\"wpforms-3807-field_7-container\" class=\"wpforms-field wpforms-field-select wpforms-field-select-style-classic\" data-field-id=\"7\"><label class=\"wpforms-field-label\" for=\"wpforms-3807-field_7\">Pago realizado en el banco <span class=\"wpforms-required-label\">*<\/span><\/label><select id=\"wpforms-3807-field_7\" class=\"wpforms-field-medium wpforms-field-required\" name=\"wpforms[fields][7]\" required=\"required\"><option value=\"Banco Mercantil \/ Pago M\u00f3vil\" >Banco Mercantil \/ Pago M\u00f3vil<\/option><option value=\"Bancolombia\" >Bancolombia<\/option><option value=\"Nequi\" >Nequi<\/option><option value=\"Daviplata\" >Daviplata<\/option><option value=\"Paypal\" >Paypal<\/option><option value=\"ePayco\" >ePayco<\/option><\/select><\/div><div id=\"wpforms-3807-field_5-container\" class=\"wpforms-field wpforms-field-text\" data-field-id=\"5\"><label class=\"wpforms-field-label\" for=\"wpforms-3807-field_5\">N\u00famero de confirmaci\u00f3n de pago<\/label><input type=\"text\" id=\"wpforms-3807-field_5\" class=\"wpforms-field-medium\" name=\"wpforms[fields][5]\" ><div class=\"wpforms-field-description\">N\u00famero de transferencia, confirmaci\u00f3n de pago, voucher o comprobante de la transacci\u00f3n<\/div><\/div><\/div><!-- .wpforms-field-container --><div class=\"wpforms-submit-container\" ><input type=\"hidden\" name=\"wpforms[id]\" value=\"3807\"><input type=\"hidden\" name=\"page_title\" value=\"\"><input type=\"hidden\" name=\"page_url\" value=\"https:\/\/training.sigueenmovimiento.com\/app\/wp-json\/wp\/v2\/pages\/3724\"><input type=\"hidden\" name=\"url_referer\" value=\"\"><button type=\"submit\" name=\"wpforms[submit]\" id=\"wpforms-submit-3807\" class=\"wpforms-submit\" data-alt-text=\"Enviando...\" data-submit-text=\"Enviar\" aria-live=\"assertive\" value=\"wpforms-submit\">Enviar<\/button><img loading=\"lazy\" decoding=\"async\" src=\"https:\/\/training.sigueenmovimiento.com\/app\/wp-content\/plugins\/wpforms-lite\/assets\/images\/submit-spin.svg\" class=\"wpforms-submit-spinner\" style=\"display: none;\" width=\"26\" height=\"26\" alt=\"Cargando\"><\/div><\/form><\/div>  <!-- .wpforms-container -->\n","protected":false},"excerpt":{"rendered":"<p>* Aceptamos transferencias en Bol\u00edvares desde cualquier entidad bancaria * *Tasa oficial del Banco Central de Venezuela * * Cuenta Corriente * 0105-0672-7216-7213-3947 Instituto Suramericano de Educaci\u00f3n Moderna o ISEM &#8230;<\/p>\n","protected":false},"author":1,"featured_media":0,"parent":0,"menu_order":0,"comment_status":"closed","ping_status":"closed","template":"template-fullwidth.php","meta":{"_joinchat":[],"footnotes":""},"class_list":["post-3724","page","type-page","status-publish","hentry"],"yoast_head":"<!-- This site is optimized with the Yoast SEO plugin v25.7 - https:\/\/yoast.com\/wordpress\/plugins\/seo\/ -->\n<title>Transferencias y pago m\u00f3vil en Venezuela | Training<\/title>\n<meta name=\"robots\" content=\"index, follow, max-snippet:-1, max-image-preview:large, max-video-preview:-1\" \/>\n<link rel=\"canonical\" href=\"https:\/\/training.sigueenmovimiento.com\/app\/mercantilbanco\/\" \/>\n<meta property=\"og:locale\" content=\"es_ES\" \/>\n<meta property=\"og:type\" content=\"article\" \/>\n<meta property=\"og:title\" content=\"Transferencias y pago m\u00f3vil en Venezuela | Training\" \/>\n<meta property=\"og:description\" content=\"* Aceptamos transferencias en Bol\u00edvares desde cualquier entidad bancaria * *Tasa oficial del Banco Central de Venezuela * * Cuenta Corriente * 0105-0672-7216-7213-3947 Instituto Suramericano de Educaci\u00f3n Moderna o ISEM ...\" \/>\n<meta property=\"og:url\" content=\"https:\/\/training.sigueenmovimiento.com\/app\/mercantilbanco\/\" \/>\n<meta property=\"og:site_name\" content=\"Training\" \/>\n<meta property=\"article:publisher\" content=\"http:\/\/www.facebook.com\/sigueenmovimiento\" \/>\n<meta property=\"article:modified_time\" content=\"2022-11-07T23:34:34+00:00\" \/>\n<meta property=\"og:image\" content=\"http:\/\/www.sigueenmovimiento.com\/home\/wp-content\/uploads\/2018\/12\/mercantil-300x82.jpg\" \/>\n<meta name=\"twitter:card\" content=\"summary_large_image\" \/>\n<meta name=\"twitter:site\" content=\"@siguemovimiento\" \/>\n<script type=\"application\/ld+json\" class=\"yoast-schema-graph\">{\"@context\":\"https:\/\/schema.org\",\"@graph\":[{\"@type\":\"WebPage\",\"@id\":\"https:\/\/training.sigueenmovimiento.com\/app\/mercantilbanco\/\",\"url\":\"https:\/\/training.sigueenmovimiento.com\/app\/mercantilbanco\/\",\"name\":\"Transferencias y pago m\u00f3vil en Venezuela | Training\",\"isPartOf\":{\"@id\":\"https:\/\/training.sigueenmovimiento.com\/app\/#website\"},\"primaryImageOfPage\":{\"@id\":\"https:\/\/training.sigueenmovimiento.com\/app\/mercantilbanco\/#primaryimage\"},\"image\":{\"@id\":\"https:\/\/training.sigueenmovimiento.com\/app\/mercantilbanco\/#primaryimage\"},\"thumbnailUrl\":\"http:\/\/www.sigueenmovimiento.com\/home\/wp-content\/uploads\/2018\/12\/mercantil-300x82.jpg\",\"datePublished\":\"2022-11-02T04:20:48+00:00\",\"dateModified\":\"2022-11-07T23:34:34+00:00\",\"breadcrumb\":{\"@id\":\"https:\/\/training.sigueenmovimiento.com\/app\/mercantilbanco\/#breadcrumb\"},\"inLanguage\":\"es\",\"potentialAction\":[{\"@type\":\"ReadAction\",\"target\":[\"https:\/\/training.sigueenmovimiento.com\/app\/mercantilbanco\/\"]}]},{\"@type\":\"ImageObject\",\"inLanguage\":\"es\",\"@id\":\"https:\/\/training.sigueenmovimiento.com\/app\/mercantilbanco\/#primaryimage\",\"url\":\"http:\/\/www.sigueenmovimiento.com\/home\/wp-content\/uploads\/2018\/12\/mercantil-300x82.jpg\",\"contentUrl\":\"http:\/\/www.sigueenmovimiento.com\/home\/wp-content\/uploads\/2018\/12\/mercantil-300x82.jpg\"},{\"@type\":\"BreadcrumbList\",\"@id\":\"https:\/\/training.sigueenmovimiento.com\/app\/mercantilbanco\/#breadcrumb\",\"itemListElement\":[{\"@type\":\"ListItem\",\"position\":1,\"name\":\"Portada\",\"item\":\"https:\/\/training.sigueenmovimiento.com\/app\/\"},{\"@type\":\"ListItem\",\"position\":2,\"name\":\"Transferencias y pago m\u00f3vil en Venezuela\"}]},{\"@type\":\"WebSite\",\"@id\":\"https:\/\/training.sigueenmovimiento.com\/app\/#website\",\"url\":\"https:\/\/training.sigueenmovimiento.com\/app\/\",\"name\":\"Sigue en Movimiento\",\"description\":\"Gu&iacute;a del entrenamiento personal\",\"publisher\":{\"@id\":\"https:\/\/training.sigueenmovimiento.com\/app\/#organization\"},\"potentialAction\":[{\"@type\":\"SearchAction\",\"target\":{\"@type\":\"EntryPoint\",\"urlTemplate\":\"https:\/\/training.sigueenmovimiento.com\/app\/?s={search_term_string}\"},\"query-input\":{\"@type\":\"PropertyValueSpecification\",\"valueRequired\":true,\"valueName\":\"search_term_string\"}}],\"inLanguage\":\"es\"},{\"@type\":\"Organization\",\"@id\":\"https:\/\/training.sigueenmovimiento.com\/app\/#organization\",\"name\":\"Plataforma Sigue en Movimiento\",\"url\":\"https:\/\/training.sigueenmovimiento.com\/app\/\",\"logo\":{\"@type\":\"ImageObject\",\"inLanguage\":\"es\",\"@id\":\"https:\/\/training.sigueenmovimiento.com\/app\/#\/schema\/logo\/image\/\",\"url\":\"http:\/\/training.sigueenmovimiento.com\/app\/wp-content\/uploads\/2018\/12\/LOGO.jpg\",\"contentUrl\":\"http:\/\/training.sigueenmovimiento.com\/app\/wp-content\/uploads\/2018\/12\/LOGO.jpg\",\"width\":736,\"height\":714,\"caption\":\"Plataforma Sigue en Movimiento\"},\"image\":{\"@id\":\"https:\/\/training.sigueenmovimiento.com\/app\/#\/schema\/logo\/image\/\"},\"sameAs\":[\"http:\/\/www.facebook.com\/sigueenmovimiento\",\"https:\/\/x.com\/siguemovimiento\"]}]}<\/script>\n<!-- \/ Yoast SEO plugin. -->","yoast_head_json":{"title":"Transferencias y pago m\u00f3vil en Venezuela | Training","robots":{"index":"index","follow":"follow","max-snippet":"max-snippet:-1","max-image-preview":"max-image-preview:large","max-video-preview":"max-video-preview:-1"},"canonical":"https:\/\/training.sigueenmovimiento.com\/app\/mercantilbanco\/","og_locale":"es_ES","og_type":"article","og_title":"Transferencias y pago m\u00f3vil en Venezuela | Training","og_description":"* Aceptamos transferencias en Bol\u00edvares desde cualquier entidad bancaria * *Tasa oficial del Banco Central de Venezuela * * Cuenta Corriente * 0105-0672-7216-7213-3947 Instituto Suramericano de Educaci\u00f3n Moderna o ISEM ...","og_url":"https:\/\/training.sigueenmovimiento.com\/app\/mercantilbanco\/","og_site_name":"Training","article_publisher":"http:\/\/www.facebook.com\/sigueenmovimiento","article_modified_time":"2022-11-07T23:34:34+00:00","og_image":[{"url":"http:\/\/www.sigueenmovimiento.com\/home\/wp-content\/uploads\/2018\/12\/mercantil-300x82.jpg","type":"","width":"","height":""}],"twitter_card":"summary_large_image","twitter_site":"@siguemovimiento","schema":{"@context":"https:\/\/schema.org","@graph":[{"@type":"WebPage","@id":"https:\/\/training.sigueenmovimiento.com\/app\/mercantilbanco\/","url":"https:\/\/training.sigueenmovimiento.com\/app\/mercantilbanco\/","name":"Transferencias y pago m\u00f3vil en Venezuela | Training","isPartOf":{"@id":"https:\/\/training.sigueenmovimiento.com\/app\/#website"},"primaryImageOfPage":{"@id":"https:\/\/training.sigueenmovimiento.com\/app\/mercantilbanco\/#primaryimage"},"image":{"@id":"https:\/\/training.sigueenmovimiento.com\/app\/mercantilbanco\/#primaryimage"},"thumbnailUrl":"http:\/\/www.sigueenmovimiento.com\/home\/wp-content\/uploads\/2018\/12\/mercantil-300x82.jpg","datePublished":"2022-11-02T04:20:48+00:00","dateModified":"2022-11-07T23:34:34+00:00","breadcrumb":{"@id":"https:\/\/training.sigueenmovimiento.com\/app\/mercantilbanco\/#breadcrumb"},"inLanguage":"es","potentialAction":[{"@type":"ReadAction","target":["https:\/\/training.sigueenmovimiento.com\/app\/mercantilbanco\/"]}]},{"@type":"ImageObject","inLanguage":"es","@id":"https:\/\/training.sigueenmovimiento.com\/app\/mercantilbanco\/#primaryimage","url":"http:\/\/www.sigueenmovimiento.com\/home\/wp-content\/uploads\/2018\/12\/mercantil-300x82.jpg","contentUrl":"http:\/\/www.sigueenmovimiento.com\/home\/wp-content\/uploads\/2018\/12\/mercantil-300x82.jpg"},{"@type":"BreadcrumbList","@id":"https:\/\/training.sigueenmovimiento.com\/app\/mercantilbanco\/#breadcrumb","itemListElement":[{"@type":"ListItem","position":1,"name":"Portada","item":"https:\/\/training.sigueenmovimiento.com\/app\/"},{"@type":"ListItem","position":2,"name":"Transferencias y pago m\u00f3vil en Venezuela"}]},{"@type":"WebSite","@id":"https:\/\/training.sigueenmovimiento.com\/app\/#website","url":"https:\/\/training.sigueenmovimiento.com\/app\/","name":"Sigue en Movimiento","description":"Gu&iacute;a del entrenamiento personal","publisher":{"@id":"https:\/\/training.sigueenmovimiento.com\/app\/#organization"},"potentialAction":[{"@type":"SearchAction","target":{"@type":"EntryPoint","urlTemplate":"https:\/\/training.sigueenmovimiento.com\/app\/?s={search_term_string}"},"query-input":{"@type":"PropertyValueSpecification","valueRequired":true,"valueName":"search_term_string"}}],"inLanguage":"es"},{"@type":"Organization","@id":"https:\/\/training.sigueenmovimiento.com\/app\/#organization","name":"Plataforma Sigue en Movimiento","url":"https:\/\/training.sigueenmovimiento.com\/app\/","logo":{"@type":"ImageObject","inLanguage":"es","@id":"https:\/\/training.sigueenmovimiento.com\/app\/#\/schema\/logo\/image\/","url":"http:\/\/training.sigueenmovimiento.com\/app\/wp-content\/uploads\/2018\/12\/LOGO.jpg","contentUrl":"http:\/\/training.sigueenmovimiento.com\/app\/wp-content\/uploads\/2018\/12\/LOGO.jpg","width":736,"height":714,"caption":"Plataforma Sigue en Movimiento"},"image":{"@id":"https:\/\/training.sigueenmovimiento.com\/app\/#\/schema\/logo\/image\/"},"sameAs":["http:\/\/www.facebook.com\/sigueenmovimiento","https:\/\/x.com\/siguemovimiento"]}]}},"_links":{"self":[{"href":"https:\/\/training.sigueenmovimiento.com\/app\/wp-json\/wp\/v2\/pages\/3724","targetHints":{"allow":["GET"]}}],"collection":[{"href":"https:\/\/training.sigueenmovimiento.com\/app\/wp-json\/wp\/v2\/pages"}],"about":[{"href":"https:\/\/training.sigueenmovimiento.com\/app\/wp-json\/wp\/v2\/types\/page"}],"author":[{"embeddable":true,"href":"https:\/\/training.sigueenmovimiento.com\/app\/wp-json\/wp\/v2\/users\/1"}],"replies":[{"embeddable":true,"href":"https:\/\/training.sigueenmovimiento.com\/app\/wp-json\/wp\/v2\/comments?post=3724"}],"version-history":[{"count":8,"href":"https:\/\/training.sigueenmovimiento.com\/app\/wp-json\/wp\/v2\/pages\/3724\/revisions"}],"predecessor-version":[{"id":3812,"href":"https:\/\/training.sigueenmovimiento.com\/app\/wp-json\/wp\/v2\/pages\/3724\/revisions\/3812"}],"wp:attachment":[{"href":"https:\/\/training.sigueenmovimiento.com\/app\/wp-json\/wp\/v2\/media?parent=3724"}],"curies":[{"name":"wp","href":"https:\/\/api.w.org\/{rel}","templated":true}]}}